{"id":1122,"date":"2025-01-19T16:47:57","date_gmt":"2025-01-19T14:47:57","guid":{"rendered":"https:\/\/analuzterapias.com\/?page_id=1122"},"modified":"2025-01-19T20:15:07","modified_gmt":"2025-01-19T18:15:07","slug":"caminhos-de-transformacao","status":"publish","type":"page","link":"https:\/\/analuzterapias.com\/pt\/caminhos-de-transformacao\/","title":{"rendered":"Caminhos da Transforma\u00e7\u00e3o"},"content":{"rendered":"<h3 class=\"wp-block-heading\">Caminhos da transforma\u00e7\u00e3o: a jornada rumo \u00e0 sua nova vida<\/h3>\n\n\n\n<p>Voc\u00ea j\u00e1 sentiu que, por mais que voc\u00ea avance, algo parece te parar? Como se um n\u00f3 invis\u00edvel o mantivesse preso a padr\u00f5es, emo\u00e7\u00f5es ou situa\u00e7\u00f5es que se repetem continuamente. Talvez voc\u00ea sinta que h\u00e1 algo que precisa abandonar, mas n\u00e3o sabe por onde come\u00e7ar. Deixe-me dizer uma coisa: voc\u00ea n\u00e3o est\u00e1 sozinho e este n\u00e3o \u00e9 o fim da sua jornada.<\/p>\n\n\n\n<p><strong>Imagine por um momento como seria se sentir livre...<\/strong> Livre de cargas emocionais, de bloqueios familiares, de relacionamentos que n\u00e3o fluem como voc\u00ea deseja. Imagine olhar para tr\u00e1s e, em vez de sentir dor ou desconforto, sentir paz e gratid\u00e3o. Agora pense em tudo que voc\u00ea poderia criar para sua vida se se reconectasse com seu verdadeiro poder, com sua ess\u00eancia.<\/p>\n\n\n\n<p>\u00c9 exatamente isso que fazemos no <strong>Caminhos da Transforma\u00e7\u00e3o.<\/strong> Este programa foi desenvolvido para gui\u00e1-lo passo a passo na cura das \u00e1reas mais importantes da sua vida:<\/p>\n\n\n\n<ul class=\"wp-block-list\">\n<li>O seu nascimento e os primeiros anos que deixaram marcas em voc\u00ea.<\/li>\n\n\n\n<li>Seu relacionamento com sua m\u00e3e, seu pai e o impacto desses la\u00e7os no seu presente.<\/li>\n\n\n\n<li>Seus relacionamentos com os filhos, o parceiro e consigo mesmo.<\/li>\n\n\n\n<li>Sua sa\u00fade emocional e f\u00edsica.<\/li>\n\n\n\n<li>Sua conex\u00e3o com a prosperidade e abund\u00e2ncia que voc\u00ea merece.<\/li>\n<\/ul>\n\n\n\n<p><strong>Um caminho projetado s\u00f3 para voc\u00ea<\/strong><br>Cada sess\u00e3o \u00e9 pensada para voc\u00ea explorar, descobrir e transformar o que precisa neste momento da sua vida. N\u00e3o importa se voc\u00ea se sente perdido agora ou se sabe exatamente no que precisa trabalhar. Esta jornada n\u00e3o \u00e9 uma quest\u00e3o de perfei\u00e7\u00e3o, mas de se reconectar consigo mesmo, deixando de lado o que n\u00e3o serve mais e abrindo espa\u00e7o para o novo.<\/p>\n\n\n\n<p><strong>Como \u00e9 este programa?<\/strong><br>\u00c9 um processo profundo, mas tamb\u00e9m caloroso e seguro. Estarei com voc\u00ea a cada passo, guiando-o com amor e ferramentas poderosas. Voc\u00ea n\u00e3o est\u00e1 sozinho neste caminho.<\/p>\n\n\n\n<p>Ao longo de 9 sess\u00f5es, iremos desatar aqueles n\u00f3s internos que talvez voc\u00ea nem soubesse que existiam, mas que influenciaram como voc\u00ea se sente, como voc\u00ea ama e como voc\u00ea vive. Com medita\u00e7\u00f5es, reflex\u00f5es e exerc\u00edcios pr\u00e1ticos, voc\u00ea descobrir\u00e1 que a transforma\u00e7\u00e3o n\u00e3o precisa ser dolorosa. Pode ser libertador, gentil... at\u00e9 mesmo maravilhoso.<\/p>\n\n\n\n<p><strong>E se eu te dissesse que a vida que voc\u00ea sonha j\u00e1 est\u00e1 mais perto do que voc\u00ea imagina?<\/strong><br>Tudo que voc\u00ea precisa para transformar sua vida j\u00e1 est\u00e1 dentro de voc\u00ea. Os Caminhos da Transforma\u00e7\u00e3o n\u00e3o v\u00e3o te dar algo externo, mas v\u00e3o te ajudar a lembrar, despertar e se conectar com sua for\u00e7a interior. Este programa n\u00e3o s\u00f3 lhe permitir\u00e1 curar, mas tamb\u00e9m lhe ensinar\u00e1 como sustentar essa cura, para que as mudan\u00e7as que voc\u00ea vivencia sejam duradouras e aut\u00eanticas.<\/p>\n\n\n\n<p><strong>Voc\u00ea sente esse chamado?<\/strong><br>Aquele sussurro interno que lhe diz que \u00e9 hora de fazer algo por si mesmo, de se libertar, de viver da plenitude. Ou\u00e7a. Porque quanto mais adiamos aquilo que sabemos que precisamos, mais nos distanciamos da paz que procuramos.<\/p>\n\n\n\n<p><strong>Hoje \u00e9 o dia de come\u00e7ar.<\/strong><br>Permita-se dar esse passo em sua dire\u00e7\u00e3o. Caminhar juntos ser\u00e1 uma experi\u00eancia transformadora. E quando voc\u00ea olhar para tr\u00e1s, ficar\u00e1 surpreso ao ver como, aos poucos, tudo come\u00e7ou a mudar.<\/p>\n\n\n\n<p>Clique no bot\u00e3o abaixo para receber mais informa\u00e7\u00f5es sobre o <strong>Caminhos da Transforma\u00e7\u00e3o.<\/strong> <\/p>\n\n\n<a class=\"maxbutton-2 maxbutton maxbutton-constelaciones\" target=\"_blank\" rel=\"noopener\" href=\"https:\/\/api.whatsapp.com\/send?phone=+34689823385&#038;text=Quiero apuntarme para Caminos de la Transformaci\u00f3n\"><span class='mb-text'>Quero mais informa\u00e7\u00f5es<\/span><\/a>\n\n\n<p><\/p>\n\n\n\n<p>Estou aqui para te acompanhar. Porque a sua vida merece ser vivida com liberdade e amor.<\/p>","protected":false},"excerpt":{"rendered":"<p>Caminhos de Transforma\u00e7\u00e3o: A Jornada Rumo \u00e0 Sua Nova Vida Voc\u00ea j\u00e1 sentiu que, por mais que voc\u00ea progrida, algo parece te parar? Como se um n\u00f3 invis\u00edvel te mantivesse amarrado... <\/p>","protected":false},"author":1,"featured_media":1126,"parent":0,"menu_order":0,"comment_status":"closed","ping_status":"closed","template":"","meta":{"_monsterinsights_skip_tracking":false,"_monsterinsights_sitenote_active":false,"_monsterinsights_sitenote_note":"","_monsterinsights_sitenote_category":0,"footnotes":""},"class_list":["post-1122","page","type-page","status-publish","has-post-thumbnail","hentry"],"jetpack-related-posts":[],"jetpack_sharing_enabled":true,"_links":{"self":[{"href":"https:\/\/analuzterapias.com\/pt\/wp-json\/wp\/v2\/pages\/1122","targetHints":{"allow":["GET"]}}],"collection":[{"href":"https:\/\/analuzterapias.com\/pt\/wp-json\/wp\/v2\/pages"}],"about":[{"href":"https:\/\/analuzterapias.com\/pt\/wp-json\/wp\/v2\/types\/page"}],"author":[{"embeddable":true,"href":"https:\/\/analuzterapias.com\/pt\/wp-json\/wp\/v2\/users\/1"}],"replies":[{"embeddable":true,"href":"https:\/\/analuzterapias.com\/pt\/wp-json\/wp\/v2\/comments?post=1122"}],"version-history":[{"count":4,"href":"https:\/\/analuzterapias.com\/pt\/wp-json\/wp\/v2\/pages\/1122\/revisions"}],"predecessor-version":[{"id":1178,"href":"https:\/\/analuzterapias.com\/pt\/wp-json\/wp\/v2\/pages\/1122\/revisions\/1178"}],"wp:featuredmedia":[{"embeddable":true,"href":"https:\/\/analuzterapias.com\/pt\/wp-json\/wp\/v2\/media\/1126"}],"wp:attachment":[{"href":"https:\/\/analuzterapias.com\/pt\/wp-json\/wp\/v2\/media?parent=1122"}],"curies":[{"name":"wp","href":"https:\/\/api.w.org\/{rel}","templated":true}]}}