{"id":1136,"date":"2025-01-19T17:13:17","date_gmt":"2025-01-19T15:13:17","guid":{"rendered":"https:\/\/analuzterapias.com\/?page_id=1136"},"modified":"2025-01-19T17:31:23","modified_gmt":"2025-01-19T15:31:23","slug":"constelacoes-familiares","status":"publish","type":"page","link":"https:\/\/analuzterapias.com\/pt\/constelacoes-familiares\/","title":{"rendered":"Constela\u00e7\u00f5es Familiares"},"content":{"rendered":"<p>As constela\u00e7\u00f5es familiares s\u00e3o uma ferramenta terap\u00eautica profunda que nos convida a explorar os padr\u00f5es e din\u00e2micas inconscientes herdados da nossa fam\u00edlia, que podem influenciar os nossos relacionamentos, emo\u00e7\u00f5es e decis\u00f5es de vida. Atrav\u00e9s de uma abordagem amorosa e respeitosa, esta pr\u00e1tica ajuda-nos a identificar bloqueios ou fardos do passado, abrindo caminho para uma vida mais equilibrada e aut\u00eantica. Ao nos reconectarmos com o nosso lugar no sistema familiar, encontramos clareza, cura e uma nova perspectiva de viver em harmonia conosco e com os outros.<\/p>\n\n\n\n<p><strong><a href=\"\/pt\/constelacoes-familiares-2\/\">O que s\u00e3o Constela\u00e7\u00f5es Familiares?<\/a><\/strong><\/p>\n\n\n\n<p><strong><a href=\"\/pt\/sessoes-individuais-de-constelacao-familiar\/\">Sess\u00f5es individuais<\/a><\/strong><\/p>\n\n\n\n<p><strong><a href=\"\/pt\/constelacoes-familiares-em-valencia\/\">Sess\u00f5es em grupo<\/a><\/strong><\/p>\n\n\n\n<p><strong><a href=\"http:\/\/el-poder-de-las-constelaciones-familiares-grupo-o-individual\">Qual devo escolher: Individual ou em grupo?<\/a><\/strong><\/p>\n\n\n\n<p><strong><a href=\"\/pt\/caminhos-de-transformacao\/\">Os Caminhos da Transforma\u00e7\u00e3o<\/a><\/strong><\/p>\n\n\n\n<p><strong><a href=\"\/pt\/categoria\/constelacoes-familiares\/\">Veja todos os posts sobre Constela\u00e7\u00f5es<\/a><\/strong><\/p>\n\n\n\n<p><\/p>","protected":false},"excerpt":{"rendered":"<p>As constela\u00e7\u00f5es familiares s\u00e3o uma ferramenta terap\u00eautica profunda que nos convida a explorar os padr\u00f5es e din\u00e2micas inconscientes herdados da nossa fam\u00edlia, que podem influenciar os nossos relacionamentos, emo\u00e7\u00f5es... <\/p>","protected":false},"author":1,"featured_media":455,"parent":0,"menu_order":0,"comment_status":"closed","ping_status":"closed","template":"","meta":{"_monsterinsights_skip_tracking":false,"_monsterinsights_sitenote_active":false,"_monsterinsights_sitenote_note":"","_monsterinsights_sitenote_category":0,"footnotes":""},"class_list":["post-1136","page","type-page","status-publish","has-post-thumbnail","hentry"],"jetpack-related-posts":[],"jetpack_sharing_enabled":true,"_links":{"self":[{"href":"https:\/\/analuzterapias.com\/pt\/wp-json\/wp\/v2\/pages\/1136","targetHints":{"allow":["GET"]}}],"collection":[{"href":"https:\/\/analuzterapias.com\/pt\/wp-json\/wp\/v2\/pages"}],"about":[{"href":"https:\/\/analuzterapias.com\/pt\/wp-json\/wp\/v2\/types\/page"}],"author":[{"embeddable":true,"href":"https:\/\/analuzterapias.com\/pt\/wp-json\/wp\/v2\/users\/1"}],"replies":[{"embeddable":true,"href":"https:\/\/analuzterapias.com\/pt\/wp-json\/wp\/v2\/comments?post=1136"}],"version-history":[{"count":5,"href":"https:\/\/analuzterapias.com\/pt\/wp-json\/wp\/v2\/pages\/1136\/revisions"}],"predecessor-version":[{"id":1148,"href":"https:\/\/analuzterapias.com\/pt\/wp-json\/wp\/v2\/pages\/1136\/revisions\/1148"}],"wp:featuredmedia":[{"embeddable":true,"href":"https:\/\/analuzterapias.com\/pt\/wp-json\/wp\/v2\/media\/455"}],"wp:attachment":[{"href":"https:\/\/analuzterapias.com\/pt\/wp-json\/wp\/v2\/media?parent=1136"}],"curies":[{"name":"wp","href":"https:\/\/api.w.org\/{rel}","templated":true}]}}