{"id":176,"date":"2023-06-04T19:28:35","date_gmt":"2023-06-04T17:28:35","guid":{"rendered":"http:\/\/54.147.140.33\/?page_id=176"},"modified":"2025-01-20T15:55:01","modified_gmt":"2025-01-20T13:55:01","slug":"lar","status":"publish","type":"page","link":"https:\/\/analuzterapias.com\/pt\/","title":{"rendered":"Home"},"content":{"rendered":"<h2 class=\"wp-block-heading\">Constela\u00e7\u00f5es Familiares<\/h2>\n\n\n\n<p>Constela\u00e7\u00f5es Familiares, Resgate de Fragmentos de Alma e Registros Ak\u00e1shicos: descubra como essas terapias de Ana Luz podem transformar sua vida. Encontre harmonia, equil\u00edbrio e bem-estar enquanto explora um caminho de cura e transforma\u00e7\u00e3o pessoal. Leia depoimentos inspiradores e agende sua consulta hoje mesmo.<\/p>\n\n\n\n<p><\/p>","protected":false},"excerpt":{"rendered":"<p>Constela\u00e7\u00f5es Familiares Constela\u00e7\u00f5es Familiares, Resgate de Fragmentos de Alma e Registros Ak\u00e1shicos: descubra como essas terapias de Ana Luz podem transformar sua vida. Encontre harmonia, equil\u00edbrio e bem-estar enquanto explora\u2026 <\/p>","protected":false},"author":1,"featured_media":0,"parent":0,"menu_order":0,"comment_status":"closed","ping_status":"closed","template":"","meta":{"_monsterinsights_skip_tracking":false,"_monsterinsights_sitenote_active":false,"_monsterinsights_sitenote_note":"","_monsterinsights_sitenote_category":0,"footnotes":""},"class_list":["post-176","page","type-page","status-publish","hentry"],"jetpack-related-posts":[],"jetpack_sharing_enabled":true,"_links":{"self":[{"href":"https:\/\/analuzterapias.com\/pt\/wp-json\/wp\/v2\/pages\/176","targetHints":{"allow":["GET"]}}],"collection":[{"href":"https:\/\/analuzterapias.com\/pt\/wp-json\/wp\/v2\/pages"}],"about":[{"href":"https:\/\/analuzterapias.com\/pt\/wp-json\/wp\/v2\/types\/page"}],"author":[{"embeddable":true,"href":"https:\/\/analuzterapias.com\/pt\/wp-json\/wp\/v2\/users\/1"}],"replies":[{"embeddable":true,"href":"https:\/\/analuzterapias.com\/pt\/wp-json\/wp\/v2\/comments?post=176"}],"version-history":[{"count":4,"href":"https:\/\/analuzterapias.com\/pt\/wp-json\/wp\/v2\/pages\/176\/revisions"}],"predecessor-version":[{"id":1200,"href":"https:\/\/analuzterapias.com\/pt\/wp-json\/wp\/v2\/pages\/176\/revisions\/1200"}],"wp:attachment":[{"href":"https:\/\/analuzterapias.com\/pt\/wp-json\/wp\/v2\/media?parent=176"}],"curies":[{"name":"wp","href":"https:\/\/api.w.org\/{rel}","templated":true}]}}