{"id":536,"date":"2023-07-23T21:31:08","date_gmt":"2023-07-23T19:31:08","guid":{"rendered":"https:\/\/analuzterapias.com\/?page_id=536"},"modified":"2025-09-15T20:11:30","modified_gmt":"2025-09-15T18:11:30","slug":"sessoes-individuais-de-constelacao-familiar","status":"publish","type":"page","link":"https:\/\/analuzterapias.com\/pt\/sessoes-individuais-de-constelacao-familiar\/","title":{"rendered":"Sess\u00f5es Individuais de Constela\u00e7\u00f5es Familiares"},"content":{"rendered":"<h2 class=\"wp-block-heading\">Encontre sua Harmonia e descubra a Cura Profunda<\/h2>\n\n\n\n<p>No vasto universo do desenvolvimento pessoal e da cura, a terapia de constela\u00e7\u00e3o familiar se destaca como uma abordagem \u00fanica e poderosa para desvendar as complexidades de nossos relacionamentos interpessoais e padr\u00f5es familiares.<\/p>\n\n\n\n<p>As constela\u00e7\u00f5es familiares podem ajudar a revelar din\u00e2micas e v\u00ednculos ocultos que afetam nossas vidas de maneiras que podemos n\u00e3o entender completamente. Como terapeuta hol\u00edstica, meu objetivo \u00e9 gui\u00e1-lo nessa jornada de autodescoberta, abordando tanto os desafios quanto as oportunidades que surgem de suas constela\u00e7\u00f5es familiares.<\/p>\n\n\n\n<h3 class=\"wp-block-heading\">Sess\u00f5es Individuais<\/h3>\n\n\n\n<p>Para quem busca um atendimento mais personalizado e aprofundado, ofere\u00e7o sess\u00f5es individuais de Constela\u00e7\u00e3o Familiar. Estas sess\u00f5es foram concebidas a pensar em si. S\u00e3o um espa\u00e7o seguro onde voc\u00ea pode se abrir sem medo de ser julgado, um ambiente de total sigilo.<\/p>\n\n\n\n<p>Cada sess\u00e3o \u00e9 personalizada de acordo com suas necessidades e circunst\u00e2ncias. Esta abordagem individualizada permite-lhe explorar a sua din\u00e2mica familiar ao seu pr\u00f3prio ritmo, respeitando os seus sentimentos e limita\u00e7\u00f5es. N\u00e3o importa se voc\u00ea deseja trabalhar em um aspecto espec\u00edfico de sua vida ou apenas entender melhor suas rela\u00e7\u00f5es familiares; cada sess\u00e3o ser\u00e1 adaptada aos seus objetivos pessoais.<\/p>\n\n\n\n<h3 class=\"wp-block-heading\">Pre\u00e7os<\/h3>\n\n\n\n<p>Sess\u00f5es de 1h 15m: \u20ac80 \u2013 online ou presencial em Vilamarxant (Val\u00eancia\/ES)<\/p>\n\n\n\n<h3 class=\"wp-block-heading\">Como agendar uma sess\u00e3o<\/h3>\n\n\n\n<p>Agendar uma sess\u00e3o comigo \u00e9 simples. Se voc\u00ea prefere uma sess\u00e3o <strong>em pessoa<\/strong> qualquer <strong>on-line<\/strong>, tudo que voc\u00ea precisa fazer \u00e9 solicit\u00e1-lo. Poder\u00e1 solicitar a sua sess\u00e3o individual atrav\u00e9s do bot\u00e3o abaixo, o que lhe permitir\u00e1 marcar uma consulta no hor\u00e1rio que lhe for mais conveniente.<\/p>\n\n\n<a class=\"maxbutton-2 maxbutton maxbutton-constelaciones\" target=\"_blank\" rel=\"noopener\" href=\"https:\/\/links.themindessence.com\/widget\/bookings\/al-constelacion-individual-online\"><span class='mb-text'>\u00a1Quiero apuntarme a una Constelaci\u00f3n Online!<\/span><\/a>\n\n\n<p><\/p>\n\n\n<a class=\"maxbutton-2 maxbutton maxbutton-constelaciones\" target=\"_blank\" rel=\"noopener\" href=\"https:\/\/links.themindessence.com\/widget\/bookings\/al-constelacion-individual-presencial\"><span class='mb-text'>\u00a1Quiero apuntarme a una Constelaci\u00f3n en Vilamarxant!<\/span><\/a>\n\n\n<p><br>Convido voc\u00ea a se juntar a n\u00f3s nesta jornada de descoberta e cura. N\u00e3o importa o que voc\u00ea esteja enfrentando, sempre h\u00e1 luz no fim do t\u00fanel e estou aqui para ajud\u00e1-lo a encontr\u00e1-la.<\/p>\n\n\n\n<h3 class=\"wp-block-heading\">Tem d\u00favidas entre constela\u00e7\u00f5es individuais ou em grupo?<\/h3>\n\n\n\n<p><strong><a href=\"https:\/\/analuzterapias.com\/pt\/o-poder-das-constelacoes-familiares-grupais-ou-individuais\/\" target=\"_blank\" data-type=\"page\" data-id=\"538\" rel=\"noreferrer noopener\">&gt;&gt;&gt; Clique aqui para saber mais sobre as diferen\u00e7as.<\/a><\/strong><\/p>\n\n\n\n<p>Estou aqui para apoi\u00e1-lo em seu caminho para o equil\u00edbrio e a harmonia em seus relacionamentos familiares! Com as constela\u00e7\u00f5es familiares, voc\u00ea poder\u00e1 esclarecer e curar velhas feridas, reequilibrar sua vida e redefinir seus relacionamentos dentro de um quadro de amor, respeito e compreens\u00e3o m\u00fatua.<\/p>","protected":false},"excerpt":{"rendered":"<p>Encontre a sua Harmonia e descubra o Deep Healing No vasto universo do desenvolvimento pessoal e da cura, a terapia de constela\u00e7\u00e3o familiar destaca-se como uma forma \u00fanica e\u2026 <\/p>","protected":false},"author":1,"featured_media":1078,"parent":0,"menu_order":0,"comment_status":"closed","ping_status":"closed","template":"","meta":{"_monsterinsights_skip_tracking":false,"_monsterinsights_sitenote_active":false,"_monsterinsights_sitenote_note":"","_monsterinsights_sitenote_category":0,"footnotes":""},"class_list":["post-536","page","type-page","status-publish","has-post-thumbnail","hentry"],"jetpack-related-posts":[],"jetpack_sharing_enabled":true,"_links":{"self":[{"href":"https:\/\/analuzterapias.com\/pt\/wp-json\/wp\/v2\/pages\/536","targetHints":{"allow":["GET"]}}],"collection":[{"href":"https:\/\/analuzterapias.com\/pt\/wp-json\/wp\/v2\/pages"}],"about":[{"href":"https:\/\/analuzterapias.com\/pt\/wp-json\/wp\/v2\/types\/page"}],"author":[{"embeddable":true,"href":"https:\/\/analuzterapias.com\/pt\/wp-json\/wp\/v2\/users\/1"}],"replies":[{"embeddable":true,"href":"https:\/\/analuzterapias.com\/pt\/wp-json\/wp\/v2\/comments?post=536"}],"version-history":[{"count":18,"href":"https:\/\/analuzterapias.com\/pt\/wp-json\/wp\/v2\/pages\/536\/revisions"}],"predecessor-version":[{"id":1253,"href":"https:\/\/analuzterapias.com\/pt\/wp-json\/wp\/v2\/pages\/536\/revisions\/1253"}],"wp:featuredmedia":[{"embeddable":true,"href":"https:\/\/analuzterapias.com\/pt\/wp-json\/wp\/v2\/media\/1078"}],"wp:attachment":[{"href":"https:\/\/analuzterapias.com\/pt\/wp-json\/wp\/v2\/media?parent=536"}],"curies":[{"name":"wp","href":"https:\/\/api.w.org\/{rel}","templated":true}]}}